{"id":2146,"date":"2025-02-27T10:58:54","date_gmt":"2025-02-27T15:58:54","guid":{"rendered":"https:\/\/accellab.com\/a-propos\/"},"modified":"2025-06-09T11:09:10","modified_gmt":"2025-06-09T15:09:10","slug":"a-propos","status":"publish","type":"page","link":"https:\/\/accellab.com\/fr\/a-propos\/","title":{"rendered":"\u00c0 propos"},"content":{"rendered":"<p>[et_pb_section fb_built=\u00a0\u00bb1&Prime; custom_padding_last_edited=\u00a0\u00bbon|tablet\u00a0\u00bb _builder_version=\u00a0\u00bb4.27.4&Prime; _module_preset=\u00a0\u00bbdefault\u00a0\u00bb custom_margin_tablet=\u00a0\u00bb||0px||false|false\u00a0\u00bb custom_margin_phone=\u00a0\u00bb||0px||false|false\u00a0\u00bb custom_margin_last_edited=\u00a0\u00bbon|tablet\u00a0\u00bb custom_padding=\u00a0\u00bb5%||0%||false|false\u00a0\u00bb custom_padding_tablet=\u00a0\u00bb||0px||false|false\u00a0\u00bb custom_padding_phone=\u00a0\u00bb||0px||false|false\u00a0\u00bb][et_pb_row _builder_version=\u00a0\u00bb4.27.4&Prime; _module_preset=\u00a0\u00bbdefault\u00a0\u00bb width=\u00a0\u00bb60%\u00a0\u00bb width_tablet=\u00a0\u00bb70%\u00a0\u00bb width_phone=\u00a0\u00bb70%\u00a0\u00bb width_last_edited=\u00a0\u00bbon|tablet\u00a0\u00bb global_colors_info=\u00a0\u00bb{}\u00a0\u00bb][et_pb_column type=\u00a0\u00bb4_4&Prime; _builder_version=\u00a0\u00bb4.27.4&Prime; _module_preset=\u00a0\u00bbdefault\u00a0\u00bb global_colors_info=\u00a0\u00bb{}\u00a0\u00bb][et_pb_text _builder_version=\u00a0\u00bb4.27.4&Prime; _module_preset=\u00a0\u00bbdefault\u00a0\u00bb header_text_align=\u00a0\u00bbleft\u00a0\u00bb custom_margin_tablet=\u00a0\u00bb||3%||false|false\u00a0\u00bb custom_margin_phone=\u00a0\u00bb||3%||false|false\u00a0\u00bb custom_margin_last_edited=\u00a0\u00bbon|tablet\u00a0\u00bb custom_padding_tablet=\u00a0\u00bb||0px||false|false\u00a0\u00bb custom_padding_phone=\u00a0\u00bb||0px||false|false\u00a0\u00bb custom_padding_last_edited=\u00a0\u00bbon|tablet\u00a0\u00bb border_width_bottom=\u00a0\u00bb1px\u00a0\u00bb global_colors_info=\u00a0\u00bb{}\u00a0\u00bb]<\/p>\n<h1>\u00c0 propos<\/h1>\n<p>[\/et_pb_text][et_pb_text _builder_version=\u00a0\u00bb4.27.4&Prime; _module_preset=\u00a0\u00bbdefault\u00a0\u00bb header_text_align=\u00a0\u00bbleft\u00a0\u00bb width_tablet=\u00a0\u00bb90%\u00a0\u00bb width_phone=\u00a0\u00bb112%\u00a0\u00bb width_last_edited=\u00a0\u00bbon|tablet\u00a0\u00bb custom_margin=\u00a0\u00bb0px||||false|false\u00a0\u00bb custom_margin_tablet=\u00a0\u00bb0px||3%||false|false\u00a0\u00bb custom_margin_phone=\u00a0\u00bb0px||3%||false|false\u00a0\u00bb custom_margin_last_edited=\u00a0\u00bbon|tablet\u00a0\u00bb custom_padding=\u00a0\u00bb0px||||false|false\u00a0\u00bb header_2_font_size_phone=\u00a0\u00bb7.3vw\u00a0\u00bb global_colors_info=\u00a0\u00bb{}\u00a0\u00bb]<\/p>\n<h2>Notre \u00e9quipe regroupe des experts en:<\/h2>\n<p>[\/et_pb_text][et_pb_text _builder_version=\u00a0\u00bb4.27.4&Prime; _module_preset=\u00a0\u00bbdefault\u00a0\u00bb header_text_align=\u00a0\u00bbleft\u00a0\u00bb width_tablet=\u00a0\u00bb\u00a0\u00bb width_phone=\u00a0\u00bb120%\u00a0\u00bb width_last_edited=\u00a0\u00bbon|phone\u00a0\u00bb global_colors_info=\u00a0\u00bb{}\u00a0\u00bb]<\/p>\n<p>Cardiologie interventionnelle<br \/>Chirurgie cardiaque<br \/>Chirurgie orthop\u00e9dique<br \/>M\u00e9decine exp\u00e9rimentale animale<br \/>Pathologie v\u00e9t\u00e9rinaire<br \/>Biologie mol\u00e9culaire et cellulaire<br \/>Biomat\u00e9riaux<\/p>\n<p>[\/et_pb_text][et_pb_image src=\u00a0\u00bbhttps:\/\/accellab.com\/wp-content\/uploads\/2025\/05\/sigles.png\u00a0\u00bb admin_label=\u00a0\u00bbImage\u00a0\u00bb _builder_version=\u00a0\u00bb4.27.4&Prime; _module_preset=\u00a0\u00bbdefault\u00a0\u00bb transform_rotate=\u00a0\u00bb0deg|0deg|-90deg\u00a0\u00bb positioning=\u00a0\u00bbabsolute\u00a0\u00bb vertical_offset=\u00a0\u00bb37%\u00a0\u00bb horizontal_offset=\u00a0\u00bb-30%\u00a0\u00bb vertical_offset_tablet=\u00a0\u00bb35%\u00a0\u00bb vertical_offset_phone=\u00a0\u00bb27%\u00a0\u00bb vertical_offset_last_edited=\u00a0\u00bbon|tablet\u00a0\u00bb horizontal_offset_tablet=\u00a0\u00bb-47%\u00a0\u00bb horizontal_offset_phone=\u00a0\u00bb-60%\u00a0\u00bb horizontal_offset_last_edited=\u00a0\u00bbon|tablet\u00a0\u00bb width=\u00a0\u00bb50%\u00a0\u00bb width_tablet=\u00a0\u00bb78%\u00a0\u00bb width_phone=\u00a0\u00bb100%\u00a0\u00bb width_last_edited=\u00a0\u00bbon|tablet\u00a0\u00bb global_colors_info=\u00a0\u00bb{}\u00a0\u00bb][\/et_pb_image][\/et_pb_column][\/et_pb_row][\/et_pb_section][et_pb_section fb_built=\u00a0\u00bb1&Prime; _builder_version=\u00a0\u00bb4.27.4&Prime; _module_preset=\u00a0\u00bbdefault\u00a0\u00bb custom_margin=\u00a0\u00bb||0px||false|false\u00a0\u00bb custom_margin_tablet=\u00a0\u00bb||5%||false|false\u00a0\u00bb custom_margin_phone=\u00a0\u00bb||5%||false|false\u00a0\u00bb custom_margin_last_edited=\u00a0\u00bbon|desktop\u00a0\u00bb custom_padding=\u00a0\u00bb0px||10%||false|false\u00a0\u00bb locked=\u00a0\u00bboff\u00a0\u00bb][et_pb_row _builder_version=\u00a0\u00bb4.27.4&Prime; _module_preset=\u00a0\u00bbdefault\u00a0\u00bb width=\u00a0\u00bb60%\u00a0\u00bb custom_padding=\u00a0\u00bb0px||0px|||\u00a0\u00bb global_colors_info=\u00a0\u00bb{}\u00a0\u00bb][et_pb_column type=\u00a0\u00bb4_4&Prime; _builder_version=\u00a0\u00bb4.27.4&Prime; _module_preset=\u00a0\u00bbdefault\u00a0\u00bb global_colors_info=\u00a0\u00bb{}\u00a0\u00bb][et_pb_button button_url=\u00a0\u00bbhttps:\/\/accellab.com\/fr\/contact\/\u00a0\u00bb button_text=\u00a0\u00bbContact\u00a0\u00bb button_alignment=\u00a0\u00bbleft\u00a0\u00bb button_alignment_tablet=\u00a0\u00bbcenter\u00a0\u00bb button_alignment_phone=\u00a0\u00bbcenter\u00a0\u00bb button_alignment_last_edited=\u00a0\u00bbon|phone\u00a0\u00bb _builder_version=\u00a0\u00bb4.27.4&Prime; _module_preset=\u00a0\u00bbdefault\u00a0\u00bb custom_button=\u00a0\u00bbon\u00a0\u00bb button_text_color=\u00a0\u00bb#FFFFFF\u00a0\u00bb button_bg_color=\u00a0\u00bb#000000&Prime; button_border_width=\u00a0\u00bb1px\u00a0\u00bb button_border_radius=\u00a0\u00bb100px\u00a0\u00bb button_use_icon=\u00a0\u00bboff\u00a0\u00bb custom_margin=\u00a0\u00bb0px||||false|false\u00a0\u00bb custom_margin_tablet=\u00a0\u00bb2%||||false|false\u00a0\u00bb custom_margin_phone=\u00a0\u00bb5%||||false|false\u00a0\u00bb custom_margin_last_edited=\u00a0\u00bbon|tablet\u00a0\u00bb locked=\u00a0\u00bboff\u00a0\u00bb global_colors_info=\u00a0\u00bb{}\u00a0\u00bb button_bg_color__hover_enabled=\u00a0\u00bbon|hover\u00a0\u00bb button_bg_color__hover=\u00a0\u00bbRGBA(255,255,255,0)\u00a0\u00bb button_bg_enable_color__hover=\u00a0\u00bbon\u00a0\u00bb button_border_width__hover_enabled=\u00a0\u00bbon|hover\u00a0\u00bb button_border_color__hover_enabled=\u00a0\u00bbon|hover\u00a0\u00bb button_border_color__hover=\u00a0\u00bb#000000&Prime; button_text_size__hover_enabled=\u00a0\u00bbon|desktop\u00a0\u00bb button_border_width__hover=\u00a0\u00bb1px\u00a0\u00bb button_text_color__hover_enabled=\u00a0\u00bbon|hover\u00a0\u00bb button_text_color__hover=\u00a0\u00bb#000000&Prime;][\/et_pb_button][\/et_pb_column][\/et_pb_row][\/et_pb_section][et_pb_section fb_built=\u00a0\u00bb1&Prime; _builder_version=\u00a0\u00bb4.27.4&Prime; _module_preset=\u00a0\u00bbdefault\u00a0\u00bb custom_padding=\u00a0\u00bb0px||0px|||\u00a0\u00bb][et_pb_row _builder_version=\u00a0\u00bb4.27.4&Prime; _module_preset=\u00a0\u00bbdefault\u00a0\u00bb width=\u00a0\u00bb70%\u00a0\u00bb width_tablet=\u00a0\u00bb100%\u00a0\u00bb width_phone=\u00a0\u00bb100%\u00a0\u00bb width_last_edited=\u00a0\u00bbon|phone\u00a0\u00bb module_alignment=\u00a0\u00bbright\u00a0\u00bb custom_padding=\u00a0\u00bb0px||1%||false|false\u00a0\u00bb global_colors_info=\u00a0\u00bb{}\u00a0\u00bb][et_pb_column type=\u00a0\u00bb4_4&Prime; _builder_version=\u00a0\u00bb4.27.4&Prime; _module_preset=\u00a0\u00bbdefault\u00a0\u00bb global_colors_info=\u00a0\u00bb{}\u00a0\u00bb][et_pb_image src=\u00a0\u00bbhttps:\/\/accellab.com\/wp-content\/uploads\/2025\/05\/bandeau3.jpg\u00a0\u00bb align=\u00a0\u00bbcenter\u00a0\u00bb _builder_version=\u00a0\u00bb4.27.4&Prime; _module_preset=\u00a0\u00bbdefault\u00a0\u00bb hover_enabled=\u00a0\u00bb0&Prime; global_colors_info=\u00a0\u00bb{}\u00a0\u00bb sticky_enabled=\u00a0\u00bb0&Prime;][\/et_pb_image][\/et_pb_column][\/et_pb_row][\/et_pb_section][et_pb_section fb_built=\u00a0\u00bb1&Prime; disabled_on=\u00a0\u00bbon|on|on\u00a0\u00bb _builder_version=\u00a0\u00bb4.27.4&Prime; _module_preset=\u00a0\u00bbdefault\u00a0\u00bb disabled=\u00a0\u00bbon\u00a0\u00bb global_colors_info=\u00a0\u00bb{}\u00a0\u00bb][et_pb_row _builder_version=\u00a0\u00bb4.27.4&Prime; _module_preset=\u00a0\u00bbdefault\u00a0\u00bb global_colors_info=\u00a0\u00bb{}\u00a0\u00bb][et_pb_column type=\u00a0\u00bb4_4&Prime; _builder_version=\u00a0\u00bb4.27.4&Prime; _module_preset=\u00a0\u00bbdefault\u00a0\u00bb global_colors_info=\u00a0\u00bb{}\u00a0\u00bb][et_pb_text _builder_version=\u00a0\u00bb4.27.4&Prime; _module_preset=\u00a0\u00bbdefault\u00a0\u00bb global_colors_info=\u00a0\u00bb{}\u00a0\u00bb]<\/p>\n<h2>Tag lines si n\u00e9cessaire:<\/h2>\n<p><\/p>\n<p>Accellab is a preclinical contract organization dedicated to serve the medical device and biotechnology industry.<br \/>Successfully audited by the FDA twice (2012 and 2019), Accellab is fully accredited by AAALAC and CCAC.<br \/>Learn how our dedicated research organization is uniquely qualified to support your medical device access to the market.<br \/>Learn how our dedicated research organization is uniquely qualified to launch your medical device or biotechnology study.<br \/>Start your next preclinical study with Accellab<\/p>\n<p><\/p>\n<h2>Autres tag lines si n\u00e9cessaire seulement :<\/h2>\n<p><\/p>\n<p>Accellab is a one-stop integrated CRO dedicated to the preclinical assessment of medical devices, drugs and biologics under GLP compliance. Specialized in the fields of interventional cardiology, orthopedics, dental medicine, spine, neurology, gastroenterology, ENT, sports and regenerative medicine, our lab conducts safety and efficacy preclinical studies at its Boisbriand site located in the greater Montreal area, Canada.<\/p>\n<p><\/p>\n<p>Accellab exercises a leadership role for coordinating medical device preclinical services and offers an integrated approach to medical device studies with a commitment to scientific excellence, an appreciation of client-specific interaction, and an understanding of regulatory considerations.<\/p>\n<p>[\/et_pb_text][et_pb_text _builder_version=\u00a0\u00bb4.27.4&Prime; _module_preset=\u00a0\u00bbdefault\u00a0\u00bb global_colors_info=\u00a0\u00bb{}\u00a0\u00bb]<\/p>\n<p>Accellab exercises a leadership role for coordinating medical device preclinical services and offers an integrated approach to medical device studies with a commitment to scientific excellence, an appreciation of client-specific interaction, and an understanding of regulatory considerations.<\/p>\n<p>[\/et_pb_text][\/et_pb_column][\/et_pb_row][\/et_pb_section]<\/p>\n","protected":false},"excerpt":{"rendered":"<p>\u00c0 proposNotre \u00e9quipe regroupe des experts en:Cardiologie interventionnelleChirurgie cardiaqueChirurgie orthop\u00e9diqueM\u00e9decine exp\u00e9rimentale animalePathologie v\u00e9t\u00e9rinaireBiologie mol\u00e9culaire et cellulaireBiomat\u00e9riauxTag lines si n\u00e9cessaire:Accellab is a preclinical contract organization dedicated to serve the medical device and biotechnology industry.Successfully audited by the FDA twice (2012 and 2019), Accellab is fully accredited by AAALAC and CCAC.Learn how our dedicated research organization is [&hellip;]<\/p>\n","protected":false},"author":1,"featured_media":0,"parent":0,"menu_order":0,"comment_status":"closed","ping_status":"closed","template":"","meta":{"_et_pb_use_builder":"on","_et_pb_old_content":"","_et_gb_content_width":"","footnotes":""},"class_list":["post-2146","page","type-page","status-publish","hentry"],"_links":{"self":[{"href":"https:\/\/accellab.com\/fr\/wp-json\/wp\/v2\/pages\/2146","targetHints":{"allow":["GET"]}}],"collection":[{"href":"https:\/\/accellab.com\/fr\/wp-json\/wp\/v2\/pages"}],"about":[{"href":"https:\/\/accellab.com\/fr\/wp-json\/wp\/v2\/types\/page"}],"author":[{"embeddable":true,"href":"https:\/\/accellab.com\/fr\/wp-json\/wp\/v2\/users\/1"}],"replies":[{"embeddable":true,"href":"https:\/\/accellab.com\/fr\/wp-json\/wp\/v2\/comments?post=2146"}],"version-history":[{"count":17,"href":"https:\/\/accellab.com\/fr\/wp-json\/wp\/v2\/pages\/2146\/revisions"}],"predecessor-version":[{"id":2457,"href":"https:\/\/accellab.com\/fr\/wp-json\/wp\/v2\/pages\/2146\/revisions\/2457"}],"wp:attachment":[{"href":"https:\/\/accellab.com\/fr\/wp-json\/wp\/v2\/media?parent=2146"}],"curies":[{"name":"wp","href":"https:\/\/api.w.org\/{rel}","templated":true}]}}